{"id":1948,"date":"2025-10-27T06:34:56","date_gmt":"2025-10-27T06:34:56","guid":{"rendered":"https:\/\/anastasiiaradasheva24.thkit.ee\/wp\/eng\/?page_id=1948"},"modified":"2025-10-27T06:38:47","modified_gmt":"2025-10-27T06:38:47","slug":"quiz-cat-plugin","status":"publish","type":"page","link":"https:\/\/anastasiiaradasheva24.thkit.ee\/wp\/eng\/quiz-cat-plugin\/","title":{"rendered":"Quiz Cat (Plugin)"},"content":{"rendered":"\n<p>Konspekt<\/p>\n\n\n\n<p>Quiz Cat v\u00f5imaldab luua interaktiivseid viktoriine ja teste oma WordPressi veebilehele.<br>Sellega saab teha:<\/p>\n\n\n\n<ul class=\"wp-block-list\">\n<li>teadmiste teste (\u00f5igete vastustega);<\/li>\n\n\n\n<li>isiksuseteste (nt \u201cMilline tegelane sa oled?\u201d);<\/li>\n\n\n\n<li>lihtsaid k\u00fcsitlusi ja l\u00f5busaid m\u00e4nge k\u00fclastajatele.<\/li>\n<\/ul>\n\n\n\n<p><strong>Plugin<\/strong>:<\/p>\n\n\n\n<figure class=\"wp-block-image size-full\"><img decoding=\"async\" src=\"https:\/\/anastasiiaradasheva24.thkit.ee\/wp\/wp-content\/uploads\/2025\/10\/EEB0641E-8D55-4183-967B-821836DFD5D8.png\" alt=\"\" class=\"wp-image-1812\"\/><\/figure>\n\n\n\n<p>Tavaliselt asub p\u00e4rast <strong>S\u00e4tted <\/strong>vahekaarti:<\/p>\n\n\n\n<figure class=\"wp-block-image size-full is-resized\"><img decoding=\"async\" src=\"https:\/\/anastasiiaradasheva24.thkit.ee\/wp\/wp-content\/uploads\/2025\/10\/3FB62569-37DC-452D-BAEE-68CE1ACA663F.png\" alt=\"\" class=\"wp-image-1813\" style=\"width:155px;height:auto\"\/><\/figure>\n\n\n\n<p>Loomine uus k\u00fcsitlus v\u00f5i test<\/p>\n\n\n\n<figure class=\"wp-block-image size-full\"><img decoding=\"async\" src=\"https:\/\/anastasiiaradasheva24.thkit.ee\/wp\/wp-content\/uploads\/2025\/10\/pilt.png\" alt=\"\" class=\"wp-image-1814\"\/><\/figure>\n\n\n\n<p>Kolm variantid : <\/p>\n\n\n\n<ul class=\"wp-block-list\">\n<li>Klassikaline test \u00f5igete vastustega(Multiple Choise)-Kasutaja vastab k\u00fcsimustele, valides vastusevariandid.L\u00f5pus arvutatakse punktid ja n\u00e4idatakse tulemus<\/li>\n\n\n\n<li>Isiksuse test (Personality Quiz)-K\u00fcsimused, millel pole \u201e\u00f5igeid\u201d vastuseid, vaid valikud on seotud erinevate \u201et\u00fc\u00fcpidega\u201d.L\u00f5pus m\u00e4\u00e4ratakse kindlaks kasutaja \u201eisiksuse t\u00fc\u00fcp\u201d<\/li>\n\n\n\n<li>Viktoriin kohese tagasisidega (Weighted Answers)- Kasutaja n\u00e4eb vastuse \u00f5igsust kohe p\u00e4rast valiku tegemist.<\/li>\n<\/ul>\n\n\n\n<figure class=\"wp-block-image size-large\"><img decoding=\"async\" src=\"https:\/\/anastasiiaradasheva24.thkit.ee\/wp\/wp-content\/uploads\/2025\/10\/605EEB37-B214-4AFA-B82A-700C84B573CF-1024x439.png\" alt=\"\" class=\"wp-image-1815\"\/><\/figure>\n\n\n\n<p>(vaatame l\u00e4bi <strong>esimese <\/strong>variandi, sest t\u00f6\u00f6 poolest on nad peaaegu \u00fchesugused)<\/p>\n\n\n\n<figure class=\"wp-block-image size-large\"><img decoding=\"async\" src=\"https:\/\/anastasiiaradasheva24.thkit.ee\/wp\/wp-content\/uploads\/2025\/10\/pilt-1-1024x471.png\" alt=\"\" class=\"wp-image-1835\"\/><\/figure>\n\n\n\n<p><\/p>\n\n\n\n<p><\/p>\n\n\n\n<figure class=\"wp-block-image size-full\"><img decoding=\"async\" src=\"https:\/\/anastasiiaradasheva24.thkit.ee\/wp\/wp-content\/uploads\/2025\/10\/pilt-2.png\" alt=\"\" class=\"wp-image-1840\"\/><\/figure>\n\n\n\n<p>Loo uus k\u00fcsimus, n\u00e4iteks: <\/p>\n\n\n\n<figure class=\"wp-block-image size-full\"><img decoding=\"async\" src=\"https:\/\/anastasiiaradasheva24.thkit.ee\/wp\/wp-content\/uploads\/2025\/10\/13886546-D491-47B2-8C13-F7941129DAFE.png\" alt=\"\" class=\"wp-image-1838\"\/><\/figure>\n\n\n\n<figure class=\"wp-block-image size-full\"><img decoding=\"async\" src=\"https:\/\/anastasiiaradasheva24.thkit.ee\/wp\/wp-content\/uploads\/2025\/10\/pilt-3.png\" alt=\"\" class=\"wp-image-1843\"\/><\/figure>\n\n\n\n<p>Ja n\u00fc\u00fcd <strong>salvestame <\/strong>ja l\u00e4heme lehele, kuhu tuleb see lisada<\/p>\n\n\n\n<figure class=\"wp-block-image size-large\"><img decoding=\"async\" src=\"https:\/\/anastasiiaradasheva24.thkit.ee\/wp\/wp-content\/uploads\/2025\/10\/A00DD664-C819-48DC-92C1-763C07FA4691-1024x367.png\" alt=\"\" class=\"wp-image-1850\"\/><\/figure>\n\n\n\n<p class=\"has-text-align-center\">K\u00fcsimustik<\/p>\n\n\n\t\t\r\n\t\t\t\r\n\r\n\t\t<style>\r\n\t\t\t#fca_qc_quiz_1951.fca_qc_quiz p:not( .fca_qc_back_response ):not( #fca_qc_question_right_or_wrong ):not( .fca_qc_question_response_correct_answer ):not( .fca_qc_question_response_response ):not( .fca_qc_question_response_hint ):not( .fca_qc_question_response_item p ),\r\n\t\t\t#fca_qc_quiz_1951.fca_qc_quiz a:not( .fca_qc_share_link ),\r\n\t\t\t#fca_qc_quiz_1951.fca_qc_quiz div:not( .correct-answer ):not( .wrong-answer ){\r\n\t\t\t\tcolor: #151515;\r\n\t\t\t}\r\n\r\n\t\t\t#fca_qc_quiz_1951.fca_qc_quiz div.fca-qc-back.correct-answer,\r\n\t\t\t#fca_qc_quiz_1951.fca_qc_quiz div.fca_qc_question_response_item.correct-answer {\r\n\t\t\t\tbackground-color: #abdc8c;\r\n\t\t\t}\r\n\r\n\t\t\t#fca_qc_quiz_1951.fca_qc_quiz div.fca-qc-back.wrong-answer,\r\n\t\t\t#fca_qc_quiz_1951.fca_qc_quiz div.fca_qc_question_response_item.wrong-answer {\r\n\t\t\t\tbackground-color: #f57484;\r\n\t\t\t}\r\n\r\n\t\t\t#fca_qc_quiz_1951.fca_qc_quiz div.fca_qc_question_response_item p {\r\n\t\t\t\tcolor: #151515;\r\n\t\t\t}\r\n\r\n\t\t\t#fca_qc_quiz_1951.fca_qc_quiz{\r\n\t\t\t\tborder: #151515 0px solid;\r\n\t\t\t\tborder-radius: 0pxpx;\r\n\t\t\t}\r\n\r\n\t\t\t#fca_qc_quiz_1951.fca_qc_quiz button.fca_qc_next_question {\r\n\t\t\t\tcolor: #151515;\r\n\t\t\t\tborder: #151515 2px solid;\r\n\t\t\t\tbackground-color:  transparent;\r\n\t\t\t}\r\n\r\n\t\t\t#fca_qc_quiz_1951.fca_qc_quiz button.fca_qc_next_question:hover {\r\n\t\t\t\tbackground-color: #FFFFFF;\r\n\t\t\t}\r\n\r\n\t\t\t#fca_qc_quiz_1951.fca_qc_quiz button.fca_qc_button {\r\n\t\t\t\tbackground-color: #58afa2;\r\n\t\t\t\tbox-shadow: 0 2px 0 0 #3c7d73;\r\n\t\t\t\tcolor: #FFFFFF;\r\n\t\t\t}\r\n\r\n\t\t\t#fca_qc_quiz_1951.fca_qc_quiz button.fca_qc_button:hover {\r\n\t\t\t\tbackground-color: #3c7d73;\r\n\t\t\t}\r\n\t\t\t\r\n\t\t\t#fca_qc_quiz_1951.fca_qc_quiz div.fca_qc_answer_div {\r\n\t\t\t\tbackground-color: #6d6d6d;\r\n\t\t\t\tborder: #6d6d6d 0px solid;\r\n\t\t\t}\r\n\r\n\t\t\t#fca_qc_quiz_1951.fca_qc_quiz div.fca_qc_answer_div:hover,\r\n\t\t\t#fca_qc_quiz_1951.fca_qc_quiz div.fca_qc_answer_div.fakehover,\r\n\t\t\t#fca_qc_quiz_1951.fca_qc_quiz div.fca_qc_answer_div:active {\r\n\t\t\t\tbackground-color: #6868ac;\r\n\t\t\t}\r\n\r\n\t\t\t#fca_qc_quiz_1951.fca_qc_quiz span.fca_qc_answer_span {\r\n\t\t\t\tcolor: #ffffff;\r\n\t\t\t}\r\n\r\n\t\t\t\t\t<\/style>\r\n\t\t\t\r\n\t\t<div class='fca_qc_quiz' id='fca_qc_quiz_1951'>\r\n\t\t\t<span class='fca_qc_mobile_check'><\/span>\r\n\t\t\t\t\t\t<p class='fca_qc_quiz_title'>My Multiple Choice Quiz<\/p>\r\n\t\t\t<div class='fca_qc_quiz_description'>Word Pressi teadmiste test<\/div>\r\n\t\t\t<img class='fca_qc_quiz_description_img' src=''>\r\n\t\t\t<button type='button' class='fca_qc_button fca_qc_start_button'>Start Quiz<\/button>\r\n\t\t\t\t\t\t\r\n\t\t\t<div class='flip-container fca_qc_quiz_div' style='display: none;'>\r\n\r\n\t\t\t\t\t\t\t\t<div class='fca-qc-flipper'>\r\n\t\t\t\t\t<div class='fca-qc-front' id='fca_qc_answer_container'><p id='fca_qc_question'>Question<\/p><img class='fca_qc_quiz_question_img' src=''><div class='fca_qc_answer_div' data-question='1'><img class='fca_qc_quiz_answer_img' src=''><span class='fca_qc_answer_span'><\/span><\/div><div class='fca_qc_answer_div' data-question='2'><img class='fca_qc_quiz_answer_img' src=''><span class='fca_qc_answer_span'><\/span><\/div><div class='fca_qc_answer_div' data-question='3'><img class='fca_qc_quiz_answer_img' src=''><span class='fca_qc_answer_span'><\/span><\/div><div class='fca_qc_answer_div' data-question='4'><img class='fca_qc_quiz_answer_img' src=''><span class='fca_qc_answer_span'><\/span><\/div><\/div> \r\n\t\t\t\t\t<div class='fca-qc-back' id='fca_qc_back_container'><p style='color: #000' id='fca_qc_question_right_or_wrong'><\/p><img class='fca_qc_quiz_question_img' src=''><span style='color: #000' id='fca_qc_question_back'><\/span><p style='color: #000' id='fca_qc_back_response_p' class='fca_qc_back_response'>Your answer: <span id='fca_qc_your_answer'><\/span><\/p><p style='color: #000' id='fca_qc_correct_answer_p' class='fca_qc_back_response'>Correct answer: <span id='fca_qc_correct_answer'><\/span><\/p><p style='color: #000' id='fca_qc_hint_p' class='fca_qc_back_response'><\/p><button type='button' class='fca_qc_next_question'>Next<\/button><\/div> \r\n\t\t\t\t\t\r\n\t\t\t\t<\/div>\r\n\t\t\t<\/div>\r\n\t\t\t<div class='fca_qc_wait_container' style='display:none;'><p>Please wait..<\/p><span class='fca_qc_spin'>\u21ba<\/span><\/div> \r\n\t\t\t\r\n\t\t\t<div class='fca_qc_score_container' style='display:none;'><div class='fca_qc_score_text'>You got {{SCORE_CORRECT}} out of {{SCORE_TOTAL}} <\/div><div class='fca_qc_score_time'><\/div><div class='fca_qc_score_title'><\/div><img class='fca_qc_score_img' src=''><div class='fca_qc_score_desc'><\/div><\/div> \r\n\t\t\t\r\n\t\t\t<div class='fca_qc_quiz_footer' style='display: none;'>\r\n\t\t\t\t<span class='fca_qc_question_count'><\/span>\t\t\r\n\t\t\t<\/div>\r\n\t\t\t\t\t\t\r\n\t\t\t<div class='fca_qc_your_answer_container' style='display:none;'><p class='fca_qc_your_answers_text'>Your Answers<\/p><div class='fca_qc_insert_response_above'><\/div><\/div> \r\n\t\t\t\r\n\t\t\t\t\t<\/div>\r\n\t\t\n\n\n\n<p><\/p>\n","protected":false},"excerpt":{"rendered":"<p>Konspekt Quiz Cat v\u00f5imaldab luua interaktiivseid viktoriine ja teste oma WordPressi veebilehele.Sellega saab teha: Plugin: Tavaliselt asub p\u00e4rast S\u00e4tted vahekaarti: Loomine uus k\u00fcsitlus v\u00f5i test Kolm variantid : (vaatame l\u00e4bi esimese variandi, sest t\u00f6\u00f6 poolest on nad peaaegu \u00fchesugused) Loo uus k\u00fcsimus, n\u00e4iteks: Ja n\u00fc\u00fcd salvestame ja l\u00e4heme lehele, kuhu tuleb see lisada K\u00fcsimustik<\/p>\n","protected":false},"author":1,"featured_media":0,"parent":0,"menu_order":0,"comment_status":"closed","ping_status":"closed","template":"page-with-title","meta":{"footnotes":""},"class_list":["post-1948","page","type-page","status-publish","hentry"],"yoast_head":"<!-- This site is optimized with the Yoast SEO plugin v27.4 - https:\/\/yoast.com\/product\/yoast-seo-wordpress\/ -->\n<title>Quiz Cat (Plugin) - Anastasiia Radasheva Portfolio ENG<\/title>\n<meta name=\"robots\" content=\"index, follow, max-snippet:-1, max-image-preview:large, max-video-preview:-1\" \/>\n<link rel=\"canonical\" href=\"https:\/\/anastasiiaradasheva24.thkit.ee\/wp\/eng\/quiz-cat-plugin\/\" \/>\n<meta property=\"og:locale\" content=\"en_US\" \/>\n<meta property=\"og:type\" content=\"article\" \/>\n<meta property=\"og:title\" content=\"Quiz Cat (Plugin) - Anastasiia Radasheva Portfolio ENG\" \/>\n<meta property=\"og:description\" content=\"Konspekt Quiz Cat v\u00f5imaldab luua interaktiivseid viktoriine ja teste oma WordPressi veebilehele.Sellega saab teha: Plugin: Tavaliselt asub p\u00e4rast S\u00e4tted vahekaarti: Loomine uus k\u00fcsitlus v\u00f5i test Kolm variantid : (vaatame l\u00e4bi esimese variandi, sest t\u00f6\u00f6 poolest on nad peaaegu \u00fchesugused) Loo uus k\u00fcsimus, n\u00e4iteks: Ja n\u00fc\u00fcd salvestame ja l\u00e4heme lehele, kuhu tuleb see lisada K\u00fcsimustik\" \/>\n<meta property=\"og:url\" content=\"https:\/\/anastasiiaradasheva24.thkit.ee\/wp\/eng\/quiz-cat-plugin\/\" \/>\n<meta property=\"og:site_name\" content=\"Anastasiia Radasheva Portfolio ENG\" \/>\n<meta property=\"article:modified_time\" content=\"2025-10-27T06:38:47+00:00\" \/>\n<meta name=\"twitter:card\" content=\"summary_large_image\" \/>\n<meta name=\"twitter:label1\" content=\"Est. reading time\" \/>\n\t<meta name=\"twitter:data1\" content=\"1 minute\" \/>\n<script type=\"application\/ld+json\" class=\"yoast-schema-graph\">{\"@context\":\"https:\\\/\\\/schema.org\",\"@graph\":[{\"@type\":\"WebPage\",\"@id\":\"https:\\\/\\\/anastasiiaradasheva24.thkit.ee\\\/wp\\\/eng\\\/quiz-cat-plugin\\\/\",\"url\":\"https:\\\/\\\/anastasiiaradasheva24.thkit.ee\\\/wp\\\/eng\\\/quiz-cat-plugin\\\/\",\"name\":\"Quiz Cat (Plugin) - Anastasiia Radasheva Portfolio ENG\",\"isPartOf\":{\"@id\":\"https:\\\/\\\/anastasiiaradasheva24.thkit.ee\\\/wp\\\/eng\\\/#website\"},\"primaryImageOfPage\":{\"@id\":\"https:\\\/\\\/anastasiiaradasheva24.thkit.ee\\\/wp\\\/eng\\\/quiz-cat-plugin\\\/#primaryimage\"},\"image\":{\"@id\":\"https:\\\/\\\/anastasiiaradasheva24.thkit.ee\\\/wp\\\/eng\\\/quiz-cat-plugin\\\/#primaryimage\"},\"thumbnailUrl\":\"https:\\\/\\\/anastasiiaradasheva24.thkit.ee\\\/wp\\\/wp-content\\\/uploads\\\/2025\\\/10\\\/EEB0641E-8D55-4183-967B-821836DFD5D8.png\",\"datePublished\":\"2025-10-27T06:34:56+00:00\",\"dateModified\":\"2025-10-27T06:38:47+00:00\",\"breadcrumb\":{\"@id\":\"https:\\\/\\\/anastasiiaradasheva24.thkit.ee\\\/wp\\\/eng\\\/quiz-cat-plugin\\\/#breadcrumb\"},\"inLanguage\":\"en-US\",\"potentialAction\":[{\"@type\":\"ReadAction\",\"target\":[\"https:\\\/\\\/anastasiiaradasheva24.thkit.ee\\\/wp\\\/eng\\\/quiz-cat-plugin\\\/\"]}]},{\"@type\":\"ImageObject\",\"inLanguage\":\"en-US\",\"@id\":\"https:\\\/\\\/anastasiiaradasheva24.thkit.ee\\\/wp\\\/eng\\\/quiz-cat-plugin\\\/#primaryimage\",\"url\":\"https:\\\/\\\/anastasiiaradasheva24.thkit.ee\\\/wp\\\/wp-content\\\/uploads\\\/2025\\\/10\\\/EEB0641E-8D55-4183-967B-821836DFD5D8.png\",\"contentUrl\":\"https:\\\/\\\/anastasiiaradasheva24.thkit.ee\\\/wp\\\/wp-content\\\/uploads\\\/2025\\\/10\\\/EEB0641E-8D55-4183-967B-821836DFD5D8.png\"},{\"@type\":\"BreadcrumbList\",\"@id\":\"https:\\\/\\\/anastasiiaradasheva24.thkit.ee\\\/wp\\\/eng\\\/quiz-cat-plugin\\\/#breadcrumb\",\"itemListElement\":[{\"@type\":\"ListItem\",\"position\":1,\"name\":\"Home\",\"item\":\"https:\\\/\\\/anastasiiaradasheva24.thkit.ee\\\/wp\\\/eng\\\/\"},{\"@type\":\"ListItem\",\"position\":2,\"name\":\"Quiz Cat (Plugin)\"}]},{\"@type\":\"WebSite\",\"@id\":\"https:\\\/\\\/anastasiiaradasheva24.thkit.ee\\\/wp\\\/eng\\\/#website\",\"url\":\"https:\\\/\\\/anastasiiaradasheva24.thkit.ee\\\/wp\\\/eng\\\/\",\"name\":\"Anastasiia Radasheva Portfolio ENG\",\"description\":\"\",\"potentialAction\":[{\"@type\":\"SearchAction\",\"target\":{\"@type\":\"EntryPoint\",\"urlTemplate\":\"https:\\\/\\\/anastasiiaradasheva24.thkit.ee\\\/wp\\\/eng\\\/?s={search_term_string}\"},\"query-input\":{\"@type\":\"PropertyValueSpecification\",\"valueRequired\":true,\"valueName\":\"search_term_string\"}}],\"inLanguage\":\"en-US\"}]}<\/script>\n<!-- \/ Yoast SEO plugin. -->","yoast_head_json":{"title":"Quiz Cat (Plugin) - Anastasiia Radasheva Portfolio ENG","robots":{"index":"index","follow":"follow","max-snippet":"max-snippet:-1","max-image-preview":"max-image-preview:large","max-video-preview":"max-video-preview:-1"},"canonical":"https:\/\/anastasiiaradasheva24.thkit.ee\/wp\/eng\/quiz-cat-plugin\/","og_locale":"en_US","og_type":"article","og_title":"Quiz Cat (Plugin) - Anastasiia Radasheva Portfolio ENG","og_description":"Konspekt Quiz Cat v\u00f5imaldab luua interaktiivseid viktoriine ja teste oma WordPressi veebilehele.Sellega saab teha: Plugin: Tavaliselt asub p\u00e4rast S\u00e4tted vahekaarti: Loomine uus k\u00fcsitlus v\u00f5i test Kolm variantid : (vaatame l\u00e4bi esimese variandi, sest t\u00f6\u00f6 poolest on nad peaaegu \u00fchesugused) Loo uus k\u00fcsimus, n\u00e4iteks: Ja n\u00fc\u00fcd salvestame ja l\u00e4heme lehele, kuhu tuleb see lisada K\u00fcsimustik","og_url":"https:\/\/anastasiiaradasheva24.thkit.ee\/wp\/eng\/quiz-cat-plugin\/","og_site_name":"Anastasiia Radasheva Portfolio ENG","article_modified_time":"2025-10-27T06:38:47+00:00","twitter_card":"summary_large_image","twitter_misc":{"Est. reading time":"1 minute"},"schema":{"@context":"https:\/\/schema.org","@graph":[{"@type":"WebPage","@id":"https:\/\/anastasiiaradasheva24.thkit.ee\/wp\/eng\/quiz-cat-plugin\/","url":"https:\/\/anastasiiaradasheva24.thkit.ee\/wp\/eng\/quiz-cat-plugin\/","name":"Quiz Cat (Plugin) - Anastasiia Radasheva Portfolio ENG","isPartOf":{"@id":"https:\/\/anastasiiaradasheva24.thkit.ee\/wp\/eng\/#website"},"primaryImageOfPage":{"@id":"https:\/\/anastasiiaradasheva24.thkit.ee\/wp\/eng\/quiz-cat-plugin\/#primaryimage"},"image":{"@id":"https:\/\/anastasiiaradasheva24.thkit.ee\/wp\/eng\/quiz-cat-plugin\/#primaryimage"},"thumbnailUrl":"https:\/\/anastasiiaradasheva24.thkit.ee\/wp\/wp-content\/uploads\/2025\/10\/EEB0641E-8D55-4183-967B-821836DFD5D8.png","datePublished":"2025-10-27T06:34:56+00:00","dateModified":"2025-10-27T06:38:47+00:00","breadcrumb":{"@id":"https:\/\/anastasiiaradasheva24.thkit.ee\/wp\/eng\/quiz-cat-plugin\/#breadcrumb"},"inLanguage":"en-US","potentialAction":[{"@type":"ReadAction","target":["https:\/\/anastasiiaradasheva24.thkit.ee\/wp\/eng\/quiz-cat-plugin\/"]}]},{"@type":"ImageObject","inLanguage":"en-US","@id":"https:\/\/anastasiiaradasheva24.thkit.ee\/wp\/eng\/quiz-cat-plugin\/#primaryimage","url":"https:\/\/anastasiiaradasheva24.thkit.ee\/wp\/wp-content\/uploads\/2025\/10\/EEB0641E-8D55-4183-967B-821836DFD5D8.png","contentUrl":"https:\/\/anastasiiaradasheva24.thkit.ee\/wp\/wp-content\/uploads\/2025\/10\/EEB0641E-8D55-4183-967B-821836DFD5D8.png"},{"@type":"BreadcrumbList","@id":"https:\/\/anastasiiaradasheva24.thkit.ee\/wp\/eng\/quiz-cat-plugin\/#breadcrumb","itemListElement":[{"@type":"ListItem","position":1,"name":"Home","item":"https:\/\/anastasiiaradasheva24.thkit.ee\/wp\/eng\/"},{"@type":"ListItem","position":2,"name":"Quiz Cat (Plugin)"}]},{"@type":"WebSite","@id":"https:\/\/anastasiiaradasheva24.thkit.ee\/wp\/eng\/#website","url":"https:\/\/anastasiiaradasheva24.thkit.ee\/wp\/eng\/","name":"Anastasiia Radasheva Portfolio ENG","description":"","potentialAction":[{"@type":"SearchAction","target":{"@type":"EntryPoint","urlTemplate":"https:\/\/anastasiiaradasheva24.thkit.ee\/wp\/eng\/?s={search_term_string}"},"query-input":{"@type":"PropertyValueSpecification","valueRequired":true,"valueName":"search_term_string"}}],"inLanguage":"en-US"}]}},"_links":{"self":[{"href":"https:\/\/anastasiiaradasheva24.thkit.ee\/wp\/eng\/wp-json\/wp\/v2\/pages\/1948","targetHints":{"allow":["GET"]}}],"collection":[{"href":"https:\/\/anastasiiaradasheva24.thkit.ee\/wp\/eng\/wp-json\/wp\/v2\/pages"}],"about":[{"href":"https:\/\/anastasiiaradasheva24.thkit.ee\/wp\/eng\/wp-json\/wp\/v2\/types\/page"}],"author":[{"embeddable":true,"href":"https:\/\/anastasiiaradasheva24.thkit.ee\/wp\/eng\/wp-json\/wp\/v2\/users\/1"}],"replies":[{"embeddable":true,"href":"https:\/\/anastasiiaradasheva24.thkit.ee\/wp\/eng\/wp-json\/wp\/v2\/comments?post=1948"}],"version-history":[{"count":2,"href":"https:\/\/anastasiiaradasheva24.thkit.ee\/wp\/eng\/wp-json\/wp\/v2\/pages\/1948\/revisions"}],"predecessor-version":[{"id":1952,"href":"https:\/\/anastasiiaradasheva24.thkit.ee\/wp\/eng\/wp-json\/wp\/v2\/pages\/1948\/revisions\/1952"}],"wp:attachment":[{"href":"https:\/\/anastasiiaradasheva24.thkit.ee\/wp\/eng\/wp-json\/wp\/v2\/media?parent=1948"}],"curies":[{"name":"wp","href":"https:\/\/api.w.org\/{rel}","templated":true}]}}