{"id":2045,"date":"2026-02-19T09:02:38","date_gmt":"2026-02-19T09:02:38","guid":{"rendered":"https:\/\/anastasiiaradasheva24.thkit.ee\/wp\/eng\/?page_id=2045"},"modified":"2026-02-19T09:02:38","modified_gmt":"2026-02-19T09:02:38","slug":"project-management","status":"publish","type":"page","link":"https:\/\/anastasiiaradasheva24.thkit.ee\/wp\/eng\/project-management\/","title":{"rendered":"Project management"},"content":{"rendered":"\n<p><strong>Projekt <\/strong>&#8211; tegevus mis oma jaliselt piiratudm omad eesma\u00e4rgi, jaotatud ressursiga.<\/p>\n\n\n\n<p><strong>Ressursid <\/strong>&#8211; materiaalsed ja inimlikud<\/p>\n\n\n\n<p><a href=\"https:\/\/eopearhiiv.edu.ee\/e-kursused\/eucip\/juhtimine\/5_projektijuhtimine.html\" type=\"link\" id=\"https:\/\/eopearhiiv.edu.ee\/e-kursused\/eucip\/juhtimine\/5_projektijuhtimine.html\">link<\/a><\/p>\n\n\n\n<figure class=\"wp-block-table\"><table class=\"has-fixed-layout\"><tbody><tr><td><\/td><td>IT project<\/td><td>\u00c4ri-project<\/td><\/tr><tr><td>Erinevused:<\/td><td>l\u00e4hte\u00fclesanne, eesm\u00e4rgid selguvad projekti k\u00e4igus<\/td><td>selge ja konkreetne \u00fclesanne <\/td><\/tr><tr><td><\/td><td>raske ette kujutada projekti l\u00f5pp<\/td><td>t\u00e4pne eesm\u00e4rk ja tulemus<\/td><\/tr><tr><td><\/td><td>tulevad riskid<\/td><td>riskid on ette m\u00e4\u00e4ratud <\/td><\/tr><tr><td><\/td><td>vahetulemused raske hinnata<\/td><td>vahetulemused m\u00e4\u00e4ravad l\u00f5pptulemust<\/td><\/tr><tr><td><\/td><td>mittematerjaline v\u00e4\u00e4rtus<\/td><td>materjaline v\u00e4\u00e4rtus<\/td><\/tr><tr><td><\/td><td>arendusprojekt<\/td><td>teostusprojekt<\/td><\/tr><\/tbody><\/table><\/figure>\n\n\n\n<p>Projektides juhitakse \u00fcheksat komponenti:<\/p>\n\n\n\n<ul class=\"wp-block-list\">\n<li>eesm\u00e4rki (Project scope management)<\/li>\n\n\n\n<li>aega (Project time management)<\/li>\n\n\n\n<li>kvaliteeti (Project quality management)<\/li>\n\n\n\n<li>kulusid (Project cost management)<\/li>\n\n\n\n<li>inimesi (Project human resources management)<\/li>\n\n\n\n<li>infovahetust (Project communication management)<\/li>\n\n\n\n<li>allhankeid (Project procurement management)<\/li>\n\n\n\n<li>seoseid (Project integration management).<\/li>\n<\/ul>\n\n\n\n<figure class=\"wp-block-image size-full\"><img decoding=\"async\" src=\"https:\/\/anastasiiaradasheva24.thkit.ee\/wp\/wp-content\/uploads\/2026\/02\/6EB7CB9A-7BE4-43F2-8947-21F673A3EE28.png\" alt=\"\" class=\"wp-image-2419\"\/><\/figure>\n\n\n\n<p>allhankeid &#8211; s\u00f5lmitatakse v\u00e4lisfirmaga leping, et m\u00f5ned tegevused teeb teine firma! Seosed -lepingud projekti sees oma inimressursidega<\/p>\n\n\n\n<p><em>Projekti juhtimise tarkvara:<\/em><\/p>\n\n\n\n<p>&#8211;MS Projekt<\/p>\n\n\n\n<p>&#8211;projectLibre (tasuta vabavara)<\/p>\n\n\n\n<p>&#8211;LIRA veebip\u00f5hine<\/p>\n\n\n\n<p><\/p>\n\n\n\n<p>\u201cRaudne kolmnurk\u201d \u2013 kuidas omavahel seotud raha, aeg ja kvaliteet<\/p>\n\n\n\n<figure class=\"wp-block-image size-large\"><a href=\"https:\/\/anastasiiaradasheva24.thkit.ee\/wp\/wp-content\/uploads\/2026\/02\/image.png\"><img decoding=\"async\" src=\"https:\/\/anastasiiaradasheva24.thkit.ee\/wp\/wp-content\/uploads\/2026\/02\/image-1024x470.png\" alt=\"\" class=\"wp-image-2511\"\/><\/a><\/figure>\n\n\n\n<p><strong>GANTT&#8217;i diagramm<\/strong><\/p>\n\n\n\n<figure class=\"wp-block-image size-large\"><a href=\"https:\/\/anastasiiaradasheva24.thkit.ee\/wp\/wp-content\/uploads\/2026\/02\/C98D2982-2FE1-4EEC-808D-FA7BC232B0E8.png\"><img decoding=\"async\" src=\"https:\/\/anastasiiaradasheva24.thkit.ee\/wp\/wp-content\/uploads\/2026\/02\/C98D2982-2FE1-4EEC-808D-FA7BC232B0E8-1024x464.png\" alt=\"\" class=\"wp-image-2424\"\/><\/a><\/figure>\n\n\n<p>Quiz Cat: No Quiz found<\/p>\n","protected":false},"excerpt":{"rendered":"<p>Projekt &#8211; tegevus mis oma jaliselt piiratudm omad eesma\u00e4rgi, jaotatud ressursiga. Ressursid &#8211; materiaalsed ja inimlikud link IT project \u00c4ri-project Erinevused: l\u00e4hte\u00fclesanne, eesm\u00e4rgid selguvad projekti k\u00e4igus selge ja konkreetne \u00fclesanne raske ette kujutada projekti l\u00f5pp t\u00e4pne eesm\u00e4rk ja tulemus tulevad riskid riskid on ette m\u00e4\u00e4ratud vahetulemused raske hinnata vahetulemused m\u00e4\u00e4ravad l\u00f5pptulemust mittematerjaline v\u00e4\u00e4rtus materjaline v\u00e4\u00e4rtus [&hellip;]<\/p>\n","protected":false},"author":1,"featured_media":0,"parent":0,"menu_order":0,"comment_status":"closed","ping_status":"closed","template":"page-with-title","meta":{"footnotes":""},"class_list":["post-2045","page","type-page","status-publish","hentry"],"yoast_head":"<!-- This site is optimized with the Yoast SEO plugin v27.4 - https:\/\/yoast.com\/product\/yoast-seo-wordpress\/ -->\n<title>Project management - Anastasiia Radasheva Portfolio ENG<\/title>\n<meta name=\"robots\" content=\"index, follow, max-snippet:-1, max-image-preview:large, max-video-preview:-1\" \/>\n<link rel=\"canonical\" href=\"https:\/\/anastasiiaradasheva24.thkit.ee\/wp\/eng\/project-management\/\" \/>\n<meta property=\"og:locale\" content=\"en_US\" \/>\n<meta property=\"og:type\" content=\"article\" \/>\n<meta property=\"og:title\" content=\"Project management - Anastasiia Radasheva Portfolio ENG\" \/>\n<meta property=\"og:description\" content=\"Projekt &#8211; tegevus mis oma jaliselt piiratudm omad eesma\u00e4rgi, jaotatud ressursiga. Ressursid &#8211; materiaalsed ja inimlikud link IT project \u00c4ri-project Erinevused: l\u00e4hte\u00fclesanne, eesm\u00e4rgid selguvad projekti k\u00e4igus selge ja konkreetne \u00fclesanne raske ette kujutada projekti l\u00f5pp t\u00e4pne eesm\u00e4rk ja tulemus tulevad riskid riskid on ette m\u00e4\u00e4ratud vahetulemused raske hinnata vahetulemused m\u00e4\u00e4ravad l\u00f5pptulemust mittematerjaline v\u00e4\u00e4rtus materjaline v\u00e4\u00e4rtus [&hellip;]\" \/>\n<meta property=\"og:url\" content=\"https:\/\/anastasiiaradasheva24.thkit.ee\/wp\/eng\/project-management\/\" \/>\n<meta property=\"og:site_name\" content=\"Anastasiia Radasheva Portfolio ENG\" \/>\n<meta name=\"twitter:card\" content=\"summary_large_image\" \/>\n<meta name=\"twitter:label1\" content=\"Est. reading time\" \/>\n\t<meta name=\"twitter:data1\" content=\"2 minutes\" \/>\n<script type=\"application\/ld+json\" class=\"yoast-schema-graph\">{\"@context\":\"https:\\\/\\\/schema.org\",\"@graph\":[{\"@type\":\"WebPage\",\"@id\":\"https:\\\/\\\/anastasiiaradasheva24.thkit.ee\\\/wp\\\/eng\\\/project-management\\\/\",\"url\":\"https:\\\/\\\/anastasiiaradasheva24.thkit.ee\\\/wp\\\/eng\\\/project-management\\\/\",\"name\":\"Project management - Anastasiia Radasheva Portfolio ENG\",\"isPartOf\":{\"@id\":\"https:\\\/\\\/anastasiiaradasheva24.thkit.ee\\\/wp\\\/eng\\\/#website\"},\"primaryImageOfPage\":{\"@id\":\"https:\\\/\\\/anastasiiaradasheva24.thkit.ee\\\/wp\\\/eng\\\/project-management\\\/#primaryimage\"},\"image\":{\"@id\":\"https:\\\/\\\/anastasiiaradasheva24.thkit.ee\\\/wp\\\/eng\\\/project-management\\\/#primaryimage\"},\"thumbnailUrl\":\"https:\\\/\\\/anastasiiaradasheva24.thkit.ee\\\/wp\\\/wp-content\\\/uploads\\\/2026\\\/02\\\/6EB7CB9A-7BE4-43F2-8947-21F673A3EE28.png\",\"datePublished\":\"2026-02-19T09:02:38+00:00\",\"breadcrumb\":{\"@id\":\"https:\\\/\\\/anastasiiaradasheva24.thkit.ee\\\/wp\\\/eng\\\/project-management\\\/#breadcrumb\"},\"inLanguage\":\"en-US\",\"potentialAction\":[{\"@type\":\"ReadAction\",\"target\":[\"https:\\\/\\\/anastasiiaradasheva24.thkit.ee\\\/wp\\\/eng\\\/project-management\\\/\"]}]},{\"@type\":\"ImageObject\",\"inLanguage\":\"en-US\",\"@id\":\"https:\\\/\\\/anastasiiaradasheva24.thkit.ee\\\/wp\\\/eng\\\/project-management\\\/#primaryimage\",\"url\":\"https:\\\/\\\/anastasiiaradasheva24.thkit.ee\\\/wp\\\/wp-content\\\/uploads\\\/2026\\\/02\\\/6EB7CB9A-7BE4-43F2-8947-21F673A3EE28.png\",\"contentUrl\":\"https:\\\/\\\/anastasiiaradasheva24.thkit.ee\\\/wp\\\/wp-content\\\/uploads\\\/2026\\\/02\\\/6EB7CB9A-7BE4-43F2-8947-21F673A3EE28.png\"},{\"@type\":\"BreadcrumbList\",\"@id\":\"https:\\\/\\\/anastasiiaradasheva24.thkit.ee\\\/wp\\\/eng\\\/project-management\\\/#breadcrumb\",\"itemListElement\":[{\"@type\":\"ListItem\",\"position\":1,\"name\":\"Home\",\"item\":\"https:\\\/\\\/anastasiiaradasheva24.thkit.ee\\\/wp\\\/eng\\\/\"},{\"@type\":\"ListItem\",\"position\":2,\"name\":\"Project management\"}]},{\"@type\":\"WebSite\",\"@id\":\"https:\\\/\\\/anastasiiaradasheva24.thkit.ee\\\/wp\\\/eng\\\/#website\",\"url\":\"https:\\\/\\\/anastasiiaradasheva24.thkit.ee\\\/wp\\\/eng\\\/\",\"name\":\"Anastasiia Radasheva Portfolio ENG\",\"description\":\"\",\"potentialAction\":[{\"@type\":\"SearchAction\",\"target\":{\"@type\":\"EntryPoint\",\"urlTemplate\":\"https:\\\/\\\/anastasiiaradasheva24.thkit.ee\\\/wp\\\/eng\\\/?s={search_term_string}\"},\"query-input\":{\"@type\":\"PropertyValueSpecification\",\"valueRequired\":true,\"valueName\":\"search_term_string\"}}],\"inLanguage\":\"en-US\"}]}<\/script>\n<!-- \/ Yoast SEO plugin. -->","yoast_head_json":{"title":"Project management - Anastasiia Radasheva Portfolio ENG","robots":{"index":"index","follow":"follow","max-snippet":"max-snippet:-1","max-image-preview":"max-image-preview:large","max-video-preview":"max-video-preview:-1"},"canonical":"https:\/\/anastasiiaradasheva24.thkit.ee\/wp\/eng\/project-management\/","og_locale":"en_US","og_type":"article","og_title":"Project management - Anastasiia Radasheva Portfolio ENG","og_description":"Projekt &#8211; tegevus mis oma jaliselt piiratudm omad eesma\u00e4rgi, jaotatud ressursiga. Ressursid &#8211; materiaalsed ja inimlikud link IT project \u00c4ri-project Erinevused: l\u00e4hte\u00fclesanne, eesm\u00e4rgid selguvad projekti k\u00e4igus selge ja konkreetne \u00fclesanne raske ette kujutada projekti l\u00f5pp t\u00e4pne eesm\u00e4rk ja tulemus tulevad riskid riskid on ette m\u00e4\u00e4ratud vahetulemused raske hinnata vahetulemused m\u00e4\u00e4ravad l\u00f5pptulemust mittematerjaline v\u00e4\u00e4rtus materjaline v\u00e4\u00e4rtus [&hellip;]","og_url":"https:\/\/anastasiiaradasheva24.thkit.ee\/wp\/eng\/project-management\/","og_site_name":"Anastasiia Radasheva Portfolio ENG","twitter_card":"summary_large_image","twitter_misc":{"Est. reading time":"2 minutes"},"schema":{"@context":"https:\/\/schema.org","@graph":[{"@type":"WebPage","@id":"https:\/\/anastasiiaradasheva24.thkit.ee\/wp\/eng\/project-management\/","url":"https:\/\/anastasiiaradasheva24.thkit.ee\/wp\/eng\/project-management\/","name":"Project management - Anastasiia Radasheva Portfolio ENG","isPartOf":{"@id":"https:\/\/anastasiiaradasheva24.thkit.ee\/wp\/eng\/#website"},"primaryImageOfPage":{"@id":"https:\/\/anastasiiaradasheva24.thkit.ee\/wp\/eng\/project-management\/#primaryimage"},"image":{"@id":"https:\/\/anastasiiaradasheva24.thkit.ee\/wp\/eng\/project-management\/#primaryimage"},"thumbnailUrl":"https:\/\/anastasiiaradasheva24.thkit.ee\/wp\/wp-content\/uploads\/2026\/02\/6EB7CB9A-7BE4-43F2-8947-21F673A3EE28.png","datePublished":"2026-02-19T09:02:38+00:00","breadcrumb":{"@id":"https:\/\/anastasiiaradasheva24.thkit.ee\/wp\/eng\/project-management\/#breadcrumb"},"inLanguage":"en-US","potentialAction":[{"@type":"ReadAction","target":["https:\/\/anastasiiaradasheva24.thkit.ee\/wp\/eng\/project-management\/"]}]},{"@type":"ImageObject","inLanguage":"en-US","@id":"https:\/\/anastasiiaradasheva24.thkit.ee\/wp\/eng\/project-management\/#primaryimage","url":"https:\/\/anastasiiaradasheva24.thkit.ee\/wp\/wp-content\/uploads\/2026\/02\/6EB7CB9A-7BE4-43F2-8947-21F673A3EE28.png","contentUrl":"https:\/\/anastasiiaradasheva24.thkit.ee\/wp\/wp-content\/uploads\/2026\/02\/6EB7CB9A-7BE4-43F2-8947-21F673A3EE28.png"},{"@type":"BreadcrumbList","@id":"https:\/\/anastasiiaradasheva24.thkit.ee\/wp\/eng\/project-management\/#breadcrumb","itemListElement":[{"@type":"ListItem","position":1,"name":"Home","item":"https:\/\/anastasiiaradasheva24.thkit.ee\/wp\/eng\/"},{"@type":"ListItem","position":2,"name":"Project management"}]},{"@type":"WebSite","@id":"https:\/\/anastasiiaradasheva24.thkit.ee\/wp\/eng\/#website","url":"https:\/\/anastasiiaradasheva24.thkit.ee\/wp\/eng\/","name":"Anastasiia Radasheva Portfolio ENG","description":"","potentialAction":[{"@type":"SearchAction","target":{"@type":"EntryPoint","urlTemplate":"https:\/\/anastasiiaradasheva24.thkit.ee\/wp\/eng\/?s={search_term_string}"},"query-input":{"@type":"PropertyValueSpecification","valueRequired":true,"valueName":"search_term_string"}}],"inLanguage":"en-US"}]}},"_links":{"self":[{"href":"https:\/\/anastasiiaradasheva24.thkit.ee\/wp\/eng\/wp-json\/wp\/v2\/pages\/2045","targetHints":{"allow":["GET"]}}],"collection":[{"href":"https:\/\/anastasiiaradasheva24.thkit.ee\/wp\/eng\/wp-json\/wp\/v2\/pages"}],"about":[{"href":"https:\/\/anastasiiaradasheva24.thkit.ee\/wp\/eng\/wp-json\/wp\/v2\/types\/page"}],"author":[{"embeddable":true,"href":"https:\/\/anastasiiaradasheva24.thkit.ee\/wp\/eng\/wp-json\/wp\/v2\/users\/1"}],"replies":[{"embeddable":true,"href":"https:\/\/anastasiiaradasheva24.thkit.ee\/wp\/eng\/wp-json\/wp\/v2\/comments?post=2045"}],"version-history":[{"count":1,"href":"https:\/\/anastasiiaradasheva24.thkit.ee\/wp\/eng\/wp-json\/wp\/v2\/pages\/2045\/revisions"}],"predecessor-version":[{"id":2046,"href":"https:\/\/anastasiiaradasheva24.thkit.ee\/wp\/eng\/wp-json\/wp\/v2\/pages\/2045\/revisions\/2046"}],"wp:attachment":[{"href":"https:\/\/anastasiiaradasheva24.thkit.ee\/wp\/eng\/wp-json\/wp\/v2\/media?parent=2045"}],"curies":[{"name":"wp","href":"https:\/\/api.w.org\/{rel}","templated":true}]}}