{"id":994,"date":"2025-06-02T18:20:37","date_gmt":"2025-06-02T15:20:37","guid":{"rendered":"https:\/\/anastasiiaradashevatar.wordpress.com\/?page_id=994"},"modified":"2025-06-02T18:20:37","modified_gmt":"2025-06-02T15:20:37","slug":"8-1-teema-graafikute-ja-diagrammide-loomine","status":"publish","type":"page","link":"https:\/\/anastasiiaradasheva24.thkit.ee\/wp\/eng\/8-1-teema-graafikute-ja-diagrammide-loomine\/","title":{"rendered":"8.1 Teema Graafikute ja diagrammide loomine"},"content":{"rendered":"\n<p><\/p>\n\n\n\n<hr class=\"wp-block-separator has-alpha-channel-opacity\" \/>\n\n\n\n<div id=\"ez-toc-container\" class=\"ez-toc-v2_0_82_2 counter-hierarchy ez-toc-counter ez-toc-grey ez-toc-container-direction\">\n<div class=\"ez-toc-title-container\">\n<p class=\"ez-toc-title\" style=\"cursor:inherit\">Table of Contents<\/p>\n<span class=\"ez-toc-title-toggle\"><a href=\"#\" class=\"ez-toc-pull-right ez-toc-btn ez-toc-btn-xs ez-toc-btn-default ez-toc-toggle\" aria-label=\"Toggle Table of Content\"><span class=\"ez-toc-js-icon-con\"><span class=\"\"><span class=\"eztoc-hide\" style=\"display:none;\">Toggle<\/span><span class=\"ez-toc-icon-toggle-span\"><svg style=\"fill: #999;color:#999\" xmlns=\"http:\/\/www.w3.org\/2000\/svg\" class=\"list-377408\" width=\"20px\" height=\"20px\" viewBox=\"0 0 24 24\" fill=\"none\"><path d=\"M6 6H4v2h2V6zm14 0H8v2h12V6zM4 11h2v2H4v-2zm16 0H8v2h12v-2zM4 16h2v2H4v-2zm16 0H8v2h12v-2z\" fill=\"currentColor\"><\/path><\/svg><svg style=\"fill: #999;color:#999\" class=\"arrow-unsorted-368013\" xmlns=\"http:\/\/www.w3.org\/2000\/svg\" width=\"10px\" height=\"10px\" viewBox=\"0 0 24 24\" version=\"1.2\" baseProfile=\"tiny\"><path d=\"M18.2 9.3l-6.2-6.3-6.2 6.3c-.2.2-.3.4-.3.7s.1.5.3.7c.2.2.4.3.7.3h11c.3 0 .5-.1.7-.3.2-.2.3-.5.3-.7s-.1-.5-.3-.7zM5.8 14.7l6.2 6.3 6.2-6.3c.2-.2.3-.5.3-.7s-.1-.5-.3-.7c-.2-.2-.4-.3-.7-.3h-11c-.3 0-.5.1-.7.3-.2.2-.3.5-.3.7s.1.5.3.7z\"\/><\/svg><\/span><\/span><\/span><\/a><\/span><\/div>\n<nav><ul class='ez-toc-list ez-toc-list-level-1 ' ><li class='ez-toc-page-1 ez-toc-heading-level-2'><a class=\"ez-toc-link ez-toc-heading-1\" href=\"https:\/\/anastasiiaradasheva24.thkit.ee\/wp\/eng\/8-1-teema-graafikute-ja-diagrammide-loomine\/#Graafikute_ja_diagrammide_loomine_Matplotlib\" >Graafikute ja diagrammide loomine (Matplotlib)<\/a><ul class='ez-toc-list-level-3' ><li class='ez-toc-heading-level-3'><a class=\"ez-toc-link ez-toc-heading-2\" href=\"https:\/\/anastasiiaradasheva24.thkit.ee\/wp\/eng\/8-1-teema-graafikute-ja-diagrammide-loomine\/#1_Matplotlibi_kasutamine\" >1. Matplotlibi kasutamine<\/a><\/li><li class='ez-toc-page-1 ez-toc-heading-level-3'><a class=\"ez-toc-link ez-toc-heading-3\" href=\"https:\/\/anastasiiaradasheva24.thkit.ee\/wp\/eng\/8-1-teema-graafikute-ja-diagrammide-loomine\/#2_Graafikute_tuubid\" >2. Graafikute t\u00fc\u00fcbid<\/a><\/li><li class='ez-toc-page-1 ez-toc-heading-level-3'><a class=\"ez-toc-link ez-toc-heading-4\" href=\"https:\/\/anastasiiaradasheva24.thkit.ee\/wp\/eng\/8-1-teema-graafikute-ja-diagrammide-loomine\/#3_Lihtne_naide\" >3. Lihtne n\u00e4ide<\/a><\/li><li class='ez-toc-page-1 ez-toc-heading-level-3'><a class=\"ez-toc-link ez-toc-heading-5\" href=\"https:\/\/anastasiiaradasheva24.thkit.ee\/wp\/eng\/8-1-teema-graafikute-ja-diagrammide-loomine\/#4_Kujundamine\" >4. Kujundamine<\/a><\/li><li class='ez-toc-page-1 ez-toc-heading-level-3'><a class=\"ez-toc-link ez-toc-heading-6\" href=\"https:\/\/anastasiiaradasheva24.thkit.ee\/wp\/eng\/8-1-teema-graafikute-ja-diagrammide-loomine\/#5_Andmete_lugemine_ja_tulpdiagramm\" >5. Andmete lugemine ja tulpdiagramm<\/a><\/li><li class='ez-toc-page-1 ez-toc-heading-level-3'><a class=\"ez-toc-link ez-toc-heading-7\" href=\"https:\/\/anastasiiaradasheva24.thkit.ee\/wp\/eng\/8-1-teema-graafikute-ja-diagrammide-loomine\/#6_Kokkuvote\" >6. Kokkuv\u00f5te<\/a><\/li><\/ul><\/li><\/ul><\/nav><\/div>\n<h2 class=\"wp-block-heading has-medium-font-size\"><span class=\"ez-toc-section\" id=\"Graafikute_ja_diagrammide_loomine_Matplotlib\"><\/span> Graafikute ja diagrammide loomine (Matplotlib)<span class=\"ez-toc-section-end\"><\/span><\/h2>\n\n\n\n<h3 class=\"wp-block-heading\"><span class=\"ez-toc-section\" id=\"1_Matplotlibi_kasutamine\"><\/span>1. Matplotlibi kasutamine<span class=\"ez-toc-section-end\"><\/span><\/h3>\n\n\n\n<p>Pythonis kasutatakse graafikute loomiseks <strong>matplotlib.pyplot<\/strong> teeki.<\/p>\n\n\n<div class=\"wp-block-syntaxhighlighter-code \"><pre class=\"brush: plain; title: ; notranslate\" title=\"\">\nimport matplotlib.pyplot as plt\n\n<\/pre><\/div>\n\n\n<hr class=\"wp-block-separator has-alpha-channel-opacity\" \/>\n\n\n\n<h3 class=\"wp-block-heading\"><span class=\"ez-toc-section\" id=\"2_Graafikute_tuubid\"><\/span>2. Graafikute t\u00fc\u00fcbid<span class=\"ez-toc-section-end\"><\/span><\/h3>\n\n\n\n<figure class=\"wp-block-table\"><table class=\"has-fixed-layout\"><thead><tr><th>Funktsioon<\/th><th>Kirjeldus<\/th><\/tr><\/thead><tbody><tr><td><code>plot()<\/code><\/td><td>Joongraafik (nt trendid)<\/td><\/tr><tr><td><code>scatter()<\/code><\/td><td>Hajusdiagramm (punktid)<\/td><\/tr><tr><td><code>bar()<\/code><\/td><td>Tulpdiagramm<\/td><\/tr><tr><td><code>hist()<\/code><\/td><td>Histogramm<\/td><\/tr><tr><td><code>pie()<\/code><\/td><td>Sektordiagramm<\/td><\/tr><\/tbody><\/table><\/figure>\n\n\n\n<hr class=\"wp-block-separator has-alpha-channel-opacity\" \/>\n\n\n\n<h3 class=\"wp-block-heading\"><span class=\"ez-toc-section\" id=\"3_Lihtne_naide\"><\/span>3. Lihtne n\u00e4ide<span class=\"ez-toc-section-end\"><\/span><\/h3>\n\n\n<div class=\"wp-block-syntaxhighlighter-code \"><pre class=\"brush: plain; title: ; notranslate\" title=\"\">\nx = &#x5B;1, 2, 3, 4]\ny = &#x5B;1, 4, 9, 16]\nplt.plot(x, y)\nplt.title(&quot;Lihtne joongraafik&quot;)\nplt.xlabel(&quot;X-telg&quot;)\nplt.ylabel(&quot;Y-telg&quot;)\nplt.show()\n\n<\/pre><\/div>\n\n\n<hr class=\"wp-block-separator has-alpha-channel-opacity\" \/>\n\n\n\n<h3 class=\"wp-block-heading\"><span class=\"ez-toc-section\" id=\"4_Kujundamine\"><\/span>4. Kujundamine<span class=\"ez-toc-section-end\"><\/span><\/h3>\n\n\n\n<p><strong>Joone stiilid<\/strong>: <code>'-'<\/code>, <code>'--'<\/code>, <code>':'<\/code>, <code>'-.'<\/code><br><strong>Markerid<\/strong>: <code>'o'<\/code>, <code>'^'<\/code>, <code>'s'<\/code>, <code>'D'<\/code>, <code>'*'<\/code><br><strong>V\u00e4rvid<\/strong>: <code>'blue'<\/code>, <code>'red'<\/code>, <code>'green'<\/code>, HEX (<code>#FF5733<\/code>), paletid<\/p>\n\n\n\n<p>N\u00e4ide kahe joonega:<\/p>\n\n\n<div class=\"wp-block-syntaxhighlighter-code \"><pre class=\"brush: plain; title: ; notranslate\" title=\"\">\nx = &#x5B;0, 1, 2, 3, 4]\ny1 = &#x5B;0, 1, 4, 9, 16]\ny2 = &#x5B;16, 9, 4, 1, 0]\n\nplt.plot(x, y1, linestyle=&#039;-&#039;, marker=&#039;o&#039;, color=&#039;blue&#039;, label=&quot;T\u00f5usev&quot;)\nplt.plot(x, y2, linestyle=&#039;--&#039;, marker=&#039;x&#039;, color=&#039;green&#039;, label=&quot;Laskuv&quot;)\nplt.title(&quot;Kahe joone graafik&quot;)\nplt.xlabel(&quot;X-telg&quot;)\nplt.ylabel(&quot;Y-telg&quot;)\nplt.legend()\nplt.grid(True)\nplt.show()\n\n<\/pre><\/div>\n\n\n<hr class=\"wp-block-separator has-alpha-channel-opacity\" \/>\n\n\n\n<h3 class=\"wp-block-heading\"><span class=\"ez-toc-section\" id=\"5_Andmete_lugemine_ja_tulpdiagramm\"><\/span>5. Andmete lugemine ja tulpdiagramm<span class=\"ez-toc-section-end\"><\/span><\/h3>\n\n\n\n<p>Fail: <code>rahvaarv.txt<\/code> (nt: <code>Tallinn 452412<\/code>)<br>\u00dclesanne: lugeda andmed, arvutada statistika ja kuvada diagramm.<\/p>\n\n\n<div class=\"wp-block-syntaxhighlighter-code \"><pre class=\"brush: plain; title: ; notranslate\" title=\"\">\nimport numpy as np\nimport matplotlib.pyplot as plt\n\nlinnad, rahvaarvud = &#x5B;], &#x5B;]\n\nwith open(&quot;rahvaarv.txt&quot;, encoding=&quot;utf-8&quot;) as f:\n    for rida in f:\n        osad = rida.strip().split()\n        linnad.append(&quot; &quot;.join(osad&#x5B;:-1]))\n        rahvaarvud.append(int(osad&#x5B;-1]))\n\narvud_np = np.array(rahvaarvud)\nprint(f&quot;Koguarv: {arvud_np.sum()}&quot;)\nprint(f&quot;Keskmine: {arvud_np.mean():.1f}&quot;)\nprint(f&quot;Suurim: {linnad&#x5B;np.argmax(arvud_np)]}&quot;)\nprint(f&quot;V\u00e4ikseim: {linnad&#x5B;np.argmin(arvud_np)]}&quot;)\n\nplt.figure(figsize=(10, 6))\nplt.bar(linnad, rahvaarvud, color=&quot;skyblue&quot;)\nplt.title(&quot;Eesti linnade rahvaarv&quot;)\nplt.xlabel(&quot;Linn&quot;)\nplt.ylabel(&quot;Elanike arv&quot;)\nplt.xticks(rotation=45)\nplt.tight_layout()\nplt.savefig(&quot;rahvaarvud_diagramm.png&quot;)\nplt.show()\n\n<\/pre><\/div>\n\n\n<hr class=\"wp-block-separator has-alpha-channel-opacity\" \/>\n\n\n\n<h3 class=\"wp-block-heading has-medium-font-size\"><span class=\"ez-toc-section\" id=\"6_Kokkuvote\"><\/span>6. Kokkuv\u00f5te<span class=\"ez-toc-section-end\"><\/span><\/h3>\n\n\n\n<ul class=\"wp-block-list\">\n<li>Matplotlib v\u00f5imaldab luua erinevaid graafikuid v\u00e4ga lihtsalt.<\/li>\n\n\n\n<li>Graafik peab olema <strong>loetav ja selge<\/strong>: lisa pealkirjad, legend, teljed, v\u00e4rvid.<\/li>\n\n\n\n<li>Andmete visualiseerimine on <strong>oluline oskus<\/strong>: aitab n\u00e4ha mustreid ja teha j\u00e4reldusi.<\/li>\n<\/ul>\n\n\n\n<hr class=\"wp-block-separator has-alpha-channel-opacity\" \/>\n\n\n\n<p><\/p>\n","protected":false},"excerpt":{"rendered":"<p>Graafikute ja diagrammide loomine (Matplotlib) 1. Matplotlibi kasutamine Pythonis kasutatakse graafikute loomiseks matplotlib.pyplot teeki. 2. Graafikute t\u00fc\u00fcbid Funktsioon Kirjeldus plot() Joongraafik (nt trendid) scatter() Hajusdiagramm (punktid) bar() Tulpdiagramm hist() Histogramm pie() Sektordiagramm 3. Lihtne n\u00e4ide 4. Kujundamine Joone stiilid: &#8216;-&#8216;, &#8216;&#8211;&#8216;, &#8216;:&#8217;, &#8216;-.&#8217;Markerid: &#8216;o&#8217;, &#8216;^&#8217;, &#8216;s&#8217;, &#8216;D&#8217;, &#8216;*&#8217;V\u00e4rvid: &#8216;blue&#8217;, &#8216;red&#8217;, &#8216;green&#8217;, HEX (#FF5733), paletid N\u00e4ide [&hellip;]<\/p>\n","protected":false},"author":1,"featured_media":0,"parent":0,"menu_order":0,"comment_status":"closed","ping_status":"closed","template":"page-with-title","meta":{"footnotes":""},"class_list":["post-994","page","type-page","status-publish","hentry"],"yoast_head":"<!-- This site is optimized with the Yoast SEO plugin v27.4 - https:\/\/yoast.com\/product\/yoast-seo-wordpress\/ -->\n<title>8.1 Teema Graafikute ja diagrammide loomine - Anastasiia Radasheva Portfolio ENG<\/title>\n<meta name=\"robots\" content=\"index, follow, max-snippet:-1, max-image-preview:large, max-video-preview:-1\" \/>\n<link rel=\"canonical\" href=\"https:\/\/anastasiiaradasheva24.thkit.ee\/wp\/eng\/8-1-teema-graafikute-ja-diagrammide-loomine\/\" \/>\n<meta property=\"og:locale\" content=\"en_US\" \/>\n<meta property=\"og:type\" content=\"article\" \/>\n<meta property=\"og:title\" content=\"8.1 Teema Graafikute ja diagrammide loomine - Anastasiia Radasheva Portfolio ENG\" \/>\n<meta property=\"og:description\" content=\"Graafikute ja diagrammide loomine (Matplotlib) 1. Matplotlibi kasutamine Pythonis kasutatakse graafikute loomiseks matplotlib.pyplot teeki. 2. Graafikute t\u00fc\u00fcbid Funktsioon Kirjeldus plot() Joongraafik (nt trendid) scatter() Hajusdiagramm (punktid) bar() Tulpdiagramm hist() Histogramm pie() Sektordiagramm 3. Lihtne n\u00e4ide 4. Kujundamine Joone stiilid: &#039;-&#039;, &#039;--&#039;, &#039;:&#039;, &#039;-.&#039;Markerid: &#039;o&#039;, &#039;^&#039;, &#039;s&#039;, &#039;D&#039;, &#039;*&#039;V\u00e4rvid: &#039;blue&#039;, &#039;red&#039;, &#039;green&#039;, HEX (#FF5733), paletid N\u00e4ide [&hellip;]\" \/>\n<meta property=\"og:url\" content=\"https:\/\/anastasiiaradasheva24.thkit.ee\/wp\/eng\/8-1-teema-graafikute-ja-diagrammide-loomine\/\" \/>\n<meta property=\"og:site_name\" content=\"Anastasiia Radasheva Portfolio ENG\" \/>\n<meta name=\"twitter:card\" content=\"summary_large_image\" \/>\n<meta name=\"twitter:label1\" content=\"Est. reading time\" \/>\n\t<meta name=\"twitter:data1\" content=\"1 minute\" \/>\n<script type=\"application\/ld+json\" class=\"yoast-schema-graph\">{\"@context\":\"https:\\\/\\\/schema.org\",\"@graph\":[{\"@type\":\"WebPage\",\"@id\":\"https:\\\/\\\/anastasiiaradasheva24.thkit.ee\\\/wp\\\/eng\\\/8-1-teema-graafikute-ja-diagrammide-loomine\\\/\",\"url\":\"https:\\\/\\\/anastasiiaradasheva24.thkit.ee\\\/wp\\\/eng\\\/8-1-teema-graafikute-ja-diagrammide-loomine\\\/\",\"name\":\"8.1 Teema Graafikute ja diagrammide loomine - Anastasiia Radasheva Portfolio ENG\",\"isPartOf\":{\"@id\":\"https:\\\/\\\/anastasiiaradasheva24.thkit.ee\\\/wp\\\/eng\\\/#website\"},\"datePublished\":\"2025-06-02T15:20:37+00:00\",\"breadcrumb\":{\"@id\":\"https:\\\/\\\/anastasiiaradasheva24.thkit.ee\\\/wp\\\/eng\\\/8-1-teema-graafikute-ja-diagrammide-loomine\\\/#breadcrumb\"},\"inLanguage\":\"en-US\",\"potentialAction\":[{\"@type\":\"ReadAction\",\"target\":[\"https:\\\/\\\/anastasiiaradasheva24.thkit.ee\\\/wp\\\/eng\\\/8-1-teema-graafikute-ja-diagrammide-loomine\\\/\"]}]},{\"@type\":\"BreadcrumbList\",\"@id\":\"https:\\\/\\\/anastasiiaradasheva24.thkit.ee\\\/wp\\\/eng\\\/8-1-teema-graafikute-ja-diagrammide-loomine\\\/#breadcrumb\",\"itemListElement\":[{\"@type\":\"ListItem\",\"position\":1,\"name\":\"Home\",\"item\":\"https:\\\/\\\/anastasiiaradasheva24.thkit.ee\\\/wp\\\/eng\\\/\"},{\"@type\":\"ListItem\",\"position\":2,\"name\":\"8.1 Teema Graafikute ja diagrammide loomine\"}]},{\"@type\":\"WebSite\",\"@id\":\"https:\\\/\\\/anastasiiaradasheva24.thkit.ee\\\/wp\\\/eng\\\/#website\",\"url\":\"https:\\\/\\\/anastasiiaradasheva24.thkit.ee\\\/wp\\\/eng\\\/\",\"name\":\"Anastasiia Radasheva Portfolio ENG\",\"description\":\"\",\"potentialAction\":[{\"@type\":\"SearchAction\",\"target\":{\"@type\":\"EntryPoint\",\"urlTemplate\":\"https:\\\/\\\/anastasiiaradasheva24.thkit.ee\\\/wp\\\/eng\\\/?s={search_term_string}\"},\"query-input\":{\"@type\":\"PropertyValueSpecification\",\"valueRequired\":true,\"valueName\":\"search_term_string\"}}],\"inLanguage\":\"en-US\"}]}<\/script>\n<!-- \/ Yoast SEO plugin. -->","yoast_head_json":{"title":"8.1 Teema Graafikute ja diagrammide loomine - Anastasiia Radasheva Portfolio ENG","robots":{"index":"index","follow":"follow","max-snippet":"max-snippet:-1","max-image-preview":"max-image-preview:large","max-video-preview":"max-video-preview:-1"},"canonical":"https:\/\/anastasiiaradasheva24.thkit.ee\/wp\/eng\/8-1-teema-graafikute-ja-diagrammide-loomine\/","og_locale":"en_US","og_type":"article","og_title":"8.1 Teema Graafikute ja diagrammide loomine - Anastasiia Radasheva Portfolio ENG","og_description":"Graafikute ja diagrammide loomine (Matplotlib) 1. Matplotlibi kasutamine Pythonis kasutatakse graafikute loomiseks matplotlib.pyplot teeki. 2. Graafikute t\u00fc\u00fcbid Funktsioon Kirjeldus plot() Joongraafik (nt trendid) scatter() Hajusdiagramm (punktid) bar() Tulpdiagramm hist() Histogramm pie() Sektordiagramm 3. Lihtne n\u00e4ide 4. Kujundamine Joone stiilid: '-', '--', ':', '-.'Markerid: 'o', '^', 's', 'D', '*'V\u00e4rvid: 'blue', 'red', 'green', HEX (#FF5733), paletid N\u00e4ide [&hellip;]","og_url":"https:\/\/anastasiiaradasheva24.thkit.ee\/wp\/eng\/8-1-teema-graafikute-ja-diagrammide-loomine\/","og_site_name":"Anastasiia Radasheva Portfolio ENG","twitter_card":"summary_large_image","twitter_misc":{"Est. reading time":"1 minute"},"schema":{"@context":"https:\/\/schema.org","@graph":[{"@type":"WebPage","@id":"https:\/\/anastasiiaradasheva24.thkit.ee\/wp\/eng\/8-1-teema-graafikute-ja-diagrammide-loomine\/","url":"https:\/\/anastasiiaradasheva24.thkit.ee\/wp\/eng\/8-1-teema-graafikute-ja-diagrammide-loomine\/","name":"8.1 Teema Graafikute ja diagrammide loomine - Anastasiia Radasheva Portfolio ENG","isPartOf":{"@id":"https:\/\/anastasiiaradasheva24.thkit.ee\/wp\/eng\/#website"},"datePublished":"2025-06-02T15:20:37+00:00","breadcrumb":{"@id":"https:\/\/anastasiiaradasheva24.thkit.ee\/wp\/eng\/8-1-teema-graafikute-ja-diagrammide-loomine\/#breadcrumb"},"inLanguage":"en-US","potentialAction":[{"@type":"ReadAction","target":["https:\/\/anastasiiaradasheva24.thkit.ee\/wp\/eng\/8-1-teema-graafikute-ja-diagrammide-loomine\/"]}]},{"@type":"BreadcrumbList","@id":"https:\/\/anastasiiaradasheva24.thkit.ee\/wp\/eng\/8-1-teema-graafikute-ja-diagrammide-loomine\/#breadcrumb","itemListElement":[{"@type":"ListItem","position":1,"name":"Home","item":"https:\/\/anastasiiaradasheva24.thkit.ee\/wp\/eng\/"},{"@type":"ListItem","position":2,"name":"8.1 Teema Graafikute ja diagrammide loomine"}]},{"@type":"WebSite","@id":"https:\/\/anastasiiaradasheva24.thkit.ee\/wp\/eng\/#website","url":"https:\/\/anastasiiaradasheva24.thkit.ee\/wp\/eng\/","name":"Anastasiia Radasheva Portfolio ENG","description":"","potentialAction":[{"@type":"SearchAction","target":{"@type":"EntryPoint","urlTemplate":"https:\/\/anastasiiaradasheva24.thkit.ee\/wp\/eng\/?s={search_term_string}"},"query-input":{"@type":"PropertyValueSpecification","valueRequired":true,"valueName":"search_term_string"}}],"inLanguage":"en-US"}]}},"_links":{"self":[{"href":"https:\/\/anastasiiaradasheva24.thkit.ee\/wp\/eng\/wp-json\/wp\/v2\/pages\/994","targetHints":{"allow":["GET"]}}],"collection":[{"href":"https:\/\/anastasiiaradasheva24.thkit.ee\/wp\/eng\/wp-json\/wp\/v2\/pages"}],"about":[{"href":"https:\/\/anastasiiaradasheva24.thkit.ee\/wp\/eng\/wp-json\/wp\/v2\/types\/page"}],"author":[{"embeddable":true,"href":"https:\/\/anastasiiaradasheva24.thkit.ee\/wp\/eng\/wp-json\/wp\/v2\/users\/1"}],"replies":[{"embeddable":true,"href":"https:\/\/anastasiiaradasheva24.thkit.ee\/wp\/eng\/wp-json\/wp\/v2\/comments?post=994"}],"version-history":[{"count":0,"href":"https:\/\/anastasiiaradasheva24.thkit.ee\/wp\/eng\/wp-json\/wp\/v2\/pages\/994\/revisions"}],"wp:attachment":[{"href":"https:\/\/anastasiiaradasheva24.thkit.ee\/wp\/eng\/wp-json\/wp\/v2\/media?parent=994"}],"curies":[{"name":"wp","href":"https:\/\/api.w.org\/{rel}","templated":true}]}}